{"id":5638,"date":"2021-02-23T18:10:48","date_gmt":"2021-02-23T18:10:48","guid":{"rendered":"https:\/\/www.bluefleet.pt\/portugal-2020\/"},"modified":"2024-09-23T16:43:38","modified_gmt":"2024-09-23T16:43:38","slug":"portugal-2020","status":"publish","type":"page","link":"https:\/\/www.bluefleet.pt\/de\/portugal-2020\/","title":{"rendered":"Portugal 2020 &#8211; CRESC"},"content":{"rendered":"<div class=\"wpb-content-wrapper\"><p>[vc_row enable_surfer_icon=&#8220;no&#8220; parallax_background_image=&#8220;4370&#8243; parallax_bg_speed=&#8220;1.5&#8243; parallax_bg_height=&#8220;610px&#8220;][vc_column offset=&#8220;vc_col-lg-offset-0 vc_col-lg-12 vc_col-md-offset-0 vc_col-md-12 vc_col-sm-offset-0 vc_col-xs-12&#8243;][vc_row_inner row_content_width=&#8220;grid&#8220;][vc_column_inner offset=&#8220;vc_col-lg-offset-0 vc_col-lg-8 vc_col-md-offset-0 vc_col-md-12 vc_col-sm-offset-0 vc_col-xs-12&#8243;]<div class=\"qodef-elements-holder   qodef-one-column  qodef-responsive-mode-768 \" ><div class=\"qodef-eh-item  qodef-vertical-alignment-top  \"  data-item-class=\"qodef-eh-custom-5645\" data-1400-1600=\"290px 0 210px 0\" data-1025-1399=\"290px 0 210px 0\" data-769-1024=\"150px 0 150px 0\" data-681-768=\"150px 0 150px 0\" data-680=\"100px 0 100px 0\">\n\t<div class=\"qodef-eh-item-inner\">\n\t\t<div class=\"qodef-eh-item-content qodef-eh-custom-5645\" style=\"padding: 295px 0 220px 0\">\n\t\t\t<div class=\"qodef-section-title-holder  \" >\n\t<div class=\"qodef-st-inner\">\n        \t\t\t\t\t<h1 class=\"qodef-st-title\" style=\"color: #ffffff\">\n\t\t\t\tPortugal 2020 - CRESC\t\t\t<\/h1>\n\t\t        \t\t\t\t\t<\/div>\n<\/div>\t\t<\/div>\n\t<\/div>\n<\/div><\/div>[\/vc_column_inner][\/vc_row_inner][\/vc_column][\/vc_row][vc_row disable_background_image=&#8220;480&#8243; enable_surfer_icon=&#8220;no&#8220; simple_background_image=&#8220;3206&#8243; background_image_position=&#8220;top center&#8220;][vc_column offset=&#8220;vc_col-lg-offset-0 vc_col-lg-12 vc_col-md-offset-0 vc_col-md-12 vc_col-sm-offset-0 vc_col-xs-12&#8243;][vc_row_inner row_content_width=&#8220;grid&#8220;][vc_column_inner offset=&#8220;vc_col-lg-offset-0 vc_col-lg-10 vc_col-md-offset-0 vc_col-md-11 vc_col-sm-offset-0 vc_col-xs-12&#8243;]<div class=\"qodef-elements-holder   qodef-one-column  qodef-responsive-mode-768 \" ><div class=\"qodef-eh-item  qodef-vertical-alignment-top  \"  data-item-class=\"qodef-eh-custom-1966\" data-1400-1600=\"100px 35% 95px 0\" data-1025-1399=\"100px 35% 95px 0\" data-769-1024=\"80px 0 95px 0\" data-681-768=\"80px 0 85px 0\" data-680=\"85px 0 75px 0\">\n\t<div class=\"qodef-eh-item-inner\">\n\t\t<div class=\"qodef-eh-item-content qodef-eh-custom-1966\" style=\"padding: 100px 35% 95px 0\">\n\t\t\t<div class=\"qodef-section-title-holder  \" >\n\t<div class=\"qodef-st-inner\">\n        \t\t\t\t\t<h2 class=\"qodef-st-title\" style=\"color: #1c3869\">\n\t\t\t\tKofinanziert von:\t\t\t<\/h2>\n\t\t        \t\t\t\t\t<\/div>\n<\/div>[vc_empty_space height=&#8220;40px&#8220;][vc_single_image image=&#8220;3183&#8243; img_size=&#8220;full&#8220;]\t\t<\/div>\n\t<\/div>\n<\/div><\/div><div class=\"qodef-elements-holder   qodef-one-column  qodef-responsive-mode-768 \" ><div class=\"qodef-eh-item  qodef-vertical-alignment-top  \"  data-item-class=\"qodef-eh-custom-8605\" data-1400-1600=\"0 0 105px 0\" data-1025-1399=\"0 0 105px 0\" data-769-1024=\"0 0 85px 0\" data-681-768=\"0 0 85px 0\" data-680=\"0 0 80px 0\">\n\t<div class=\"qodef-eh-item-inner\">\n\t\t<div class=\"qodef-eh-item-content qodef-eh-custom-8605\" style=\"padding: 0 0 105px 0\">\n\t\t\t<div class=\"qodef-section-title-holder  \" >\n\t<div class=\"qodef-st-inner\">\n        \t\t\t\t\t<h4 class=\"qodef-st-title\" style=\"color: #1c3869\">\n\t\t\t\tProjekt: BLUEFLEET \u2013 Adaptar PME\t\t\t<\/h4>\n\t\t        \t\t\t\t\t<\/div>\n<\/div>[vc_empty_space height=&#8220;25px&#8220;]<a itemprop=\"url\" href=\"https:\/\/www.bluefleet.pt\/de\/portugal-2020\/bluefleet-adaptar-pme\/\" target=\"_self\" style=\"color: #1c3869;border-color: #1c3869;font-size: 13px;text-transform: uppercase\" class=\"qodef-btn qodef-btn-medium qodef-btn-outline qodef-btn-custom-hover-bg qodef-btn-custom-border-hover qodef-btn-custom-hover-color qodef-btn-wave-hover\" data-hover-color=\"#ffffff\" data-hover-bg-color=\"#0b2c68\" data-hover-border-color=\"#0b2c68\" >\n        <span class=\"qodef-btn-text\">Lesen Sie mehr<\/span>\n            <span class=\"qodef-btn-wave-holder\" style=\"background-image: url(&quot;data:image\/svg+xml,%3Csvg xmlns=&#039;http:\/\/www.w3.org\/2000\/svg&#039; x=&#039;0px&#039; y=&#039;0px&#039; width=&#039;172px&#039; height=&#039;126px&#039; viewBox=&#039;0 0 172 125.7&#039; enable-background=&#039;0 0 172 125.7&#039; xml:space=&#039;preserve&#039; %3E%3Cpath fill=&#039;%230b2c68&#039; d=&#039;M173,22.7c-33.9,0-44.7-14.1-88.4-14.1c-43.6,0-54.5,14.1-86,14.1V126l174.4-0.3C173,125.7,173,28.7,173,22.7z&#039;\/%3E%3C\/svg%3E&quot;)\" ><\/span>\n        <\/a>[vc_empty_space height=&#8220;60px&#8220;]<div class=\"qodef-section-title-holder  \" >\n\t<div class=\"qodef-st-inner\">\n        \t\t\t\t\t<h4 class=\"qodef-st-title\" style=\"color: #1c3869\">\n\t\t\t\tProjekt: Refor\u00e7ar a competitividade das pequenas e m\u00e9dias empresas\t\t\t<\/h4>\n\t\t        \t\t\t\t\t<\/div>\n<\/div>[vc_empty_space height=&#8220;25px&#8220;]<a itemprop=\"url\" href=\"https:\/\/www.bluefleet.pt\/de\/portugal-2020\/reforcar-a-competitividade-das-pequenas-e-medias-empresas\/\" target=\"_self\" style=\"color: #1c3869;border-color: #1c3869;font-size: 13px;text-transform: uppercase\" class=\"qodef-btn qodef-btn-medium qodef-btn-outline qodef-btn-custom-hover-bg qodef-btn-custom-border-hover qodef-btn-custom-hover-color qodef-btn-wave-hover\" data-hover-color=\"#ffffff\" data-hover-bg-color=\"#0b2c68\" data-hover-border-color=\"#0b2c68\" >\n        <span class=\"qodef-btn-text\">Lesen Sie mehr<\/span>\n            <span class=\"qodef-btn-wave-holder\" style=\"background-image: url(&quot;data:image\/svg+xml,%3Csvg xmlns=&#039;http:\/\/www.w3.org\/2000\/svg&#039; x=&#039;0px&#039; y=&#039;0px&#039; width=&#039;172px&#039; height=&#039;126px&#039; viewBox=&#039;0 0 172 125.7&#039; enable-background=&#039;0 0 172 125.7&#039; xml:space=&#039;preserve&#039; %3E%3Cpath fill=&#039;%230b2c68&#039; d=&#039;M173,22.7c-33.9,0-44.7-14.1-88.4-14.1c-43.6,0-54.5,14.1-86,14.1V126l174.4-0.3C173,125.7,173,28.7,173,22.7z&#039;\/%3E%3C\/svg%3E&quot;)\" ><\/span>\n        <\/a>[vc_empty_space height=&#8220;60px&#8220;]<div class=\"qodef-section-title-holder  \" >\n\t<div class=\"qodef-st-inner\">\n        \t\t\t\t\t<h4 class=\"qodef-st-title\" style=\"color: #1c3869\">\n\t\t\t\tProjekt: Internacionaliza\u00e7\u00e3o da BLUEFLEET\t\t\t<\/h4>\n\t\t        \t\t\t\t\t<\/div>\n<\/div>[vc_empty_space height=&#8220;25px&#8220;]<a itemprop=\"url\" href=\"https:\/\/www.bluefleet.pt\/de\/portugal-2020\/internacionalizacao-da-bluefleet\/\" target=\"_self\" style=\"color: #1c3869;border-color: #1c3869;font-size: 13px;text-transform: uppercase\" class=\"qodef-btn qodef-btn-medium qodef-btn-outline qodef-btn-custom-hover-bg qodef-btn-custom-border-hover qodef-btn-custom-hover-color qodef-btn-wave-hover\" data-hover-color=\"#ffffff\" data-hover-bg-color=\"#0b2c68\" data-hover-border-color=\"#0b2c68\" >\n        <span class=\"qodef-btn-text\">Lesen Sie mehr<\/span>\n            <span class=\"qodef-btn-wave-holder\" style=\"background-image: url(&quot;data:image\/svg+xml,%3Csvg xmlns=&#039;http:\/\/www.w3.org\/2000\/svg&#039; x=&#039;0px&#039; y=&#039;0px&#039; width=&#039;172px&#039; height=&#039;126px&#039; viewBox=&#039;0 0 172 125.7&#039; enable-background=&#039;0 0 172 125.7&#039; xml:space=&#039;preserve&#039; %3E%3Cpath fill=&#039;%230b2c68&#039; d=&#039;M173,22.7c-33.9,0-44.7-14.1-88.4-14.1c-43.6,0-54.5,14.1-86,14.1V126l174.4-0.3C173,125.7,173,28.7,173,22.7z&#039;\/%3E%3C\/svg%3E&quot;)\" ><\/span>\n        <\/a>\t\t<\/div>\n\t<\/div>\n<\/div><\/div>[\/vc_column_inner][\/vc_row_inner][\/vc_column][\/vc_row][vc_row row_content_width=&#8220;grid&#8220; enable_surfer_icon=&#8220;no&#8220; simple_background_color=&#8220;#f8f8f8&#8243;][vc_column offset=&#8220;vc_col-lg-offset-0 vc_col-lg-12 vc_col-md-offset-0 vc_col-md-12 vc_col-sm-offset-0 vc_col-xs-12&#8243;]<div class=\"qodef-elements-holder   qodef-two-columns  qodef-responsive-mode-680 \" ><div class=\"qodef-eh-item    \"  data-item-class=\"qodef-eh-custom-1576\" data-1400-1600=\"30px 0 30px 0\" data-1025-1399=\"30px 0 30px 0\" data-769-1024=\"30px 0 30px 0\" data-681-768=\"30px 0 30px 0\" data-680=\"30px 0 10px 0\">\n\t<div class=\"qodef-eh-item-inner\">\n\t\t<div class=\"qodef-eh-item-content qodef-eh-custom-1576\" style=\"padding: 30px 0 30px 0\">\n\t\t\t[vc_custom_heading text=&#8220;FINDEN SIE IHR PERFEKTES ERLEBNIS&#8220; font_container=&#8220;tag:h3|font_size:27px|text_align:left|color:%231c3869|line_height:37px&#8220; use_theme_fonts=&#8220;yes&#8220;]\t\t<\/div>\n\t<\/div>\n<\/div><div class=\"qodef-eh-item    \"  data-item-class=\"qodef-eh-custom-5371\" data-1400-1600=\"0 0 0 60%\" data-1025-1399=\"0 0 0 50%\" data-769-1024=\"0 0 0 35%\" data-681-768=\"0 0 0 20%\" data-680=\"0 0 60px 0\">\n\t<div class=\"qodef-eh-item-inner\">\n\t\t<div class=\"qodef-eh-item-content qodef-eh-custom-5371\" style=\"padding: 0 0 0 60%\">\n\t\t\t<a itemprop=\"url\" href=\"\/de\/erlebnisse\/\" target=\"_self\" style=\"color: #ffffff;background-color: #1c3869;border-color: #1c3869;font-size: 13px;text-transform: uppercase\" class=\"qodef-btn qodef-btn-medium qodef-btn-solid qodef-btn-custom-hover-bg qodef-btn-custom-border-hover qodef-btn-custom-hover-color qodef-btn-wave-hover\" data-hover-color=\"#ffffff\" data-hover-bg-color=\"#0b2c68\" data-hover-border-color=\"#0b2c68\" >\n        <span class=\"qodef-btn-text\">BUCHEN SIE JETZT<\/span>\n            <span class=\"qodef-btn-wave-holder\" style=\"background-image: url(&quot;data:image\/svg+xml,%3Csvg xmlns=&#039;http:\/\/www.w3.org\/2000\/svg&#039; x=&#039;0px&#039; y=&#039;0px&#039; width=&#039;172px&#039; height=&#039;126px&#039; viewBox=&#039;0 0 172 125.7&#039; enable-background=&#039;0 0 172 125.7&#039; xml:space=&#039;preserve&#039; %3E%3Cpath fill=&#039;%230b2c68&#039; d=&#039;M173,22.7c-33.9,0-44.7-14.1-88.4-14.1c-43.6,0-54.5,14.1-86,14.1V126l174.4-0.3C173,125.7,173,28.7,173,22.7z&#039;\/%3E%3C\/svg%3E&quot;)\" ><\/span>\n        <\/a>\t\t<\/div>\n\t<\/div>\n<\/div><\/div>[\/vc_column][\/vc_row]<\/p>\n<\/div>","protected":false},"excerpt":{"rendered":"<p>[vc_row enable_surfer_icon=&#8220;no&#8220; parallax_background_image=&#8220;4370&#8243; parallax_bg_speed=&#8220;1.5&#8243; parallax_bg_height=&#8220;610px&#8220;][vc_column offset=&#8220;vc_col-lg-offset-0 vc_col-lg-12 vc_col-md-offset-0 vc_col-md-12 vc_col-sm-offset-0 vc_col-xs-12&#8243;][vc_row_inner row_content_width=&#8220;grid&#8220;][vc_column_inner offset=&#8220;vc_col-lg-offset-0 vc_col-lg-8 vc_col-md-offset-0 vc_col-md-12 vc_col-sm-offset-0 vc_col-xs-12&#8243;][\/vc_column_inner][\/vc_row_inner][\/vc_column][\/vc_row][vc_row disable_background_image=&#8220;480&#8243; enable_surfer_icon=&#8220;no&#8220; simple_background_image=&#8220;3206&#8243; background_image_position=&#8220;top center&#8220;][vc_column offset=&#8220;vc_col-lg-offset-0 vc_col-lg-12 vc_col-md-offset-0 vc_col-md-12 vc_col-sm-offset-0 vc_col-xs-12&#8243;][vc_row_inner row_content_width=&#8220;grid&#8220;][vc_column_inner [&hellip;]<\/p>\n","protected":false},"author":1,"featured_media":0,"parent":0,"menu_order":0,"comment_status":"closed","ping_status":"closed","template":"full-width.php","meta":{"_acf_changed":false,"footnotes":""},"class_list":["post-5638","page","type-page","status-publish","hentry"],"acf":[],"yoast_head":"<!-- This site is optimized with the Yoast SEO Premium plugin v25.5 (Yoast SEO v25.5) - https:\/\/yoast.com\/wordpress\/plugins\/seo\/ -->\n<title>Programm Portugal 2020 - BlueFleet<\/title>\n<meta name=\"description\" content=\"Hier finden Sie alle Informationen zu den verschiedenen Antr\u00e4gen, die BlueFleet f\u00fcr das Programm Portugal 2020 gestellt hat. Erfahren Sie hier mehr.\" \/>\n<meta name=\"robots\" content=\"index, follow, max-snippet:-1, max-image-preview:large, max-video-preview:-1\" \/>\n<link rel=\"canonical\" href=\"https:\/\/www.bluefleet.pt\/de\/portugal-2020\/\" \/>\n<meta property=\"og:locale\" content=\"de_DE\" \/>\n<meta property=\"og:type\" content=\"article\" \/>\n<meta property=\"og:title\" content=\"Portugal 2020 - CRESC\" \/>\n<meta property=\"og:description\" content=\"Hier finden Sie alle Informationen zu den verschiedenen Antr\u00e4gen, die BlueFleet f\u00fcr das Programm Portugal 2020 gestellt hat. Erfahren Sie hier mehr.\" \/>\n<meta property=\"og:url\" content=\"https:\/\/www.bluefleet.pt\/de\/portugal-2020\/\" \/>\n<meta property=\"og:site_name\" content=\"BlueFleet\" \/>\n<meta property=\"article:publisher\" content=\"https:\/\/www.facebook.com\/bluefleetlagos\/\" \/>\n<meta property=\"article:modified_time\" content=\"2024-09-23T16:43:38+00:00\" \/>\n<meta name=\"twitter:card\" content=\"summary_large_image\" \/>\n<meta name=\"twitter:label1\" content=\"Gesch\u00e4tzte Lesezeit\" \/>\n\t<meta name=\"twitter:data1\" content=\"4\u00a0Minuten\" \/>\n<script type=\"application\/ld+json\" class=\"yoast-schema-graph\">{\"@context\":\"https:\/\/schema.org\",\"@graph\":[{\"@type\":\"WebPage\",\"@id\":\"https:\/\/www.bluefleet.pt\/de\/portugal-2020\/\",\"url\":\"https:\/\/www.bluefleet.pt\/de\/portugal-2020\/\",\"name\":\"Programm Portugal 2020 - BlueFleet\",\"isPartOf\":{\"@id\":\"https:\/\/www.bluefleet.pt\/#website\"},\"datePublished\":\"2021-02-23T18:10:48+00:00\",\"dateModified\":\"2024-09-23T16:43:38+00:00\",\"description\":\"Hier finden Sie alle Informationen zu den verschiedenen Antr\u00e4gen, die BlueFleet f\u00fcr das Programm Portugal 2020 gestellt hat. Erfahren Sie hier mehr.\",\"breadcrumb\":{\"@id\":\"https:\/\/www.bluefleet.pt\/de\/portugal-2020\/#breadcrumb\"},\"inLanguage\":\"de\",\"potentialAction\":[{\"@type\":\"ReadAction\",\"target\":[\"https:\/\/www.bluefleet.pt\/de\/portugal-2020\/\"]}]},{\"@type\":\"BreadcrumbList\",\"@id\":\"https:\/\/www.bluefleet.pt\/de\/portugal-2020\/#breadcrumb\",\"itemListElement\":[{\"@type\":\"ListItem\",\"position\":1,\"name\":\"In\u00edcio\",\"item\":\"https:\/\/www.bluefleet.pt\/de\/\"},{\"@type\":\"ListItem\",\"position\":2,\"name\":\"Portugal 2020 &#8211; CRESC\"}]},{\"@type\":\"WebSite\",\"@id\":\"https:\/\/www.bluefleet.pt\/#website\",\"url\":\"https:\/\/www.bluefleet.pt\/\",\"name\":\"BlueFleet\",\"description\":\"Passeios de barco em Lagos\",\"publisher\":{\"@id\":\"https:\/\/www.bluefleet.pt\/#organization\"},\"potentialAction\":[{\"@type\":\"SearchAction\",\"target\":{\"@type\":\"EntryPoint\",\"urlTemplate\":\"https:\/\/www.bluefleet.pt\/?s={search_term_string}\"},\"query-input\":{\"@type\":\"PropertyValueSpecification\",\"valueRequired\":true,\"valueName\":\"search_term_string\"}}],\"inLanguage\":\"de\"},{\"@type\":\"Organization\",\"@id\":\"https:\/\/www.bluefleet.pt\/#organization\",\"name\":\"Bluefleet - Passeios de barco em Lagos\",\"alternateName\":\"Bluefleet\",\"url\":\"https:\/\/www.bluefleet.pt\/\",\"logo\":{\"@type\":\"ImageObject\",\"inLanguage\":\"de\",\"@id\":\"https:\/\/www.bluefleet.pt\/#\/schema\/logo\/image\/\",\"url\":\"https:\/\/www.bluefleet.pt\/wp-content\/uploads\/2025\/12\/BlueFleet-Logo.png\",\"contentUrl\":\"https:\/\/www.bluefleet.pt\/wp-content\/uploads\/2025\/12\/BlueFleet-Logo.png\",\"width\":366,\"height\":230,\"caption\":\"Bluefleet - Passeios de barco em Lagos\"},\"image\":{\"@id\":\"https:\/\/www.bluefleet.pt\/#\/schema\/logo\/image\/\"},\"sameAs\":[\"https:\/\/www.facebook.com\/bluefleetlagos\/\",\"https:\/\/www.instagram.com\/bluefleet.pt\/\",\"https:\/\/www.youtube.com\/channel\/UCqOM2m1S-mVfX1n9pDRVfzw\"],\"description\":\"A BlueFleet \u00e9 uma empresa portuguesa sediada em Lagos, Algarve, especializada em passeios de barco, desportos n\u00e1uticos e atividades mar\u00edtimo-tur\u00edsticas com mais de 12 anos de experi\u00eancia. Oferece experi\u00eancias inesquec\u00edveis como os tradicionais passeios \u00e0s Grutas da Ponta da Piedade, observa\u00e7\u00e3o de golfinhos e outros cet\u00e1ceos com bi\u00f3logos marinhos, passeios de caiaque, cruzeiros costeiros e tours privados (Blue Cruise, Blue Sunset Cruise, Blue Breeze). A BlueFleet opera com uma frota de 12 embarca\u00e7\u00f5es e conta com uma equipa de 18 profissionais dedicados (incluindo skippers locais e bi\u00f3logos), priorizando grupos pequenos para um servi\u00e7o personalizado, seguro e confort\u00e1vel. \u00c9 certificada pelo Turismo de Portugal com o selo Clean & Safe\",\"email\":\"info@bluefleet.pt\",\"telephone\":\"00351911963309\",\"legalName\":\"Bluefleet\",\"numberOfEmployees\":{\"@type\":\"QuantitativeValue\",\"minValue\":\"11\",\"maxValue\":\"50\"}}]}<\/script>\n<!-- \/ Yoast SEO Premium plugin. -->","yoast_head_json":{"title":"Programm Portugal 2020 - BlueFleet","description":"Hier finden Sie alle Informationen zu den verschiedenen Antr\u00e4gen, die BlueFleet f\u00fcr das Programm Portugal 2020 gestellt hat. Erfahren Sie hier mehr.","robots":{"index":"index","follow":"follow","max-snippet":"max-snippet:-1","max-image-preview":"max-image-preview:large","max-video-preview":"max-video-preview:-1"},"canonical":"https:\/\/www.bluefleet.pt\/de\/portugal-2020\/","og_locale":"de_DE","og_type":"article","og_title":"Portugal 2020 - CRESC","og_description":"Hier finden Sie alle Informationen zu den verschiedenen Antr\u00e4gen, die BlueFleet f\u00fcr das Programm Portugal 2020 gestellt hat. Erfahren Sie hier mehr.","og_url":"https:\/\/www.bluefleet.pt\/de\/portugal-2020\/","og_site_name":"BlueFleet","article_publisher":"https:\/\/www.facebook.com\/bluefleetlagos\/","article_modified_time":"2024-09-23T16:43:38+00:00","twitter_card":"summary_large_image","twitter_misc":{"Gesch\u00e4tzte Lesezeit":"4\u00a0Minuten"},"schema":{"@context":"https:\/\/schema.org","@graph":[{"@type":"WebPage","@id":"https:\/\/www.bluefleet.pt\/de\/portugal-2020\/","url":"https:\/\/www.bluefleet.pt\/de\/portugal-2020\/","name":"Programm Portugal 2020 - BlueFleet","isPartOf":{"@id":"https:\/\/www.bluefleet.pt\/#website"},"datePublished":"2021-02-23T18:10:48+00:00","dateModified":"2024-09-23T16:43:38+00:00","description":"Hier finden Sie alle Informationen zu den verschiedenen Antr\u00e4gen, die BlueFleet f\u00fcr das Programm Portugal 2020 gestellt hat. Erfahren Sie hier mehr.","breadcrumb":{"@id":"https:\/\/www.bluefleet.pt\/de\/portugal-2020\/#breadcrumb"},"inLanguage":"de","potentialAction":[{"@type":"ReadAction","target":["https:\/\/www.bluefleet.pt\/de\/portugal-2020\/"]}]},{"@type":"BreadcrumbList","@id":"https:\/\/www.bluefleet.pt\/de\/portugal-2020\/#breadcrumb","itemListElement":[{"@type":"ListItem","position":1,"name":"In\u00edcio","item":"https:\/\/www.bluefleet.pt\/de\/"},{"@type":"ListItem","position":2,"name":"Portugal 2020 &#8211; CRESC"}]},{"@type":"WebSite","@id":"https:\/\/www.bluefleet.pt\/#website","url":"https:\/\/www.bluefleet.pt\/","name":"BlueFleet","description":"Passeios de barco em Lagos","publisher":{"@id":"https:\/\/www.bluefleet.pt\/#organization"},"potentialAction":[{"@type":"SearchAction","target":{"@type":"EntryPoint","urlTemplate":"https:\/\/www.bluefleet.pt\/?s={search_term_string}"},"query-input":{"@type":"PropertyValueSpecification","valueRequired":true,"valueName":"search_term_string"}}],"inLanguage":"de"},{"@type":"Organization","@id":"https:\/\/www.bluefleet.pt\/#organization","name":"Bluefleet - Passeios de barco em Lagos","alternateName":"Bluefleet","url":"https:\/\/www.bluefleet.pt\/","logo":{"@type":"ImageObject","inLanguage":"de","@id":"https:\/\/www.bluefleet.pt\/#\/schema\/logo\/image\/","url":"https:\/\/www.bluefleet.pt\/wp-content\/uploads\/2025\/12\/BlueFleet-Logo.png","contentUrl":"https:\/\/www.bluefleet.pt\/wp-content\/uploads\/2025\/12\/BlueFleet-Logo.png","width":366,"height":230,"caption":"Bluefleet - Passeios de barco em Lagos"},"image":{"@id":"https:\/\/www.bluefleet.pt\/#\/schema\/logo\/image\/"},"sameAs":["https:\/\/www.facebook.com\/bluefleetlagos\/","https:\/\/www.instagram.com\/bluefleet.pt\/","https:\/\/www.youtube.com\/channel\/UCqOM2m1S-mVfX1n9pDRVfzw"],"description":"A BlueFleet \u00e9 uma empresa portuguesa sediada em Lagos, Algarve, especializada em passeios de barco, desportos n\u00e1uticos e atividades mar\u00edtimo-tur\u00edsticas com mais de 12 anos de experi\u00eancia. Oferece experi\u00eancias inesquec\u00edveis como os tradicionais passeios \u00e0s Grutas da Ponta da Piedade, observa\u00e7\u00e3o de golfinhos e outros cet\u00e1ceos com bi\u00f3logos marinhos, passeios de caiaque, cruzeiros costeiros e tours privados (Blue Cruise, Blue Sunset Cruise, Blue Breeze). A BlueFleet opera com uma frota de 12 embarca\u00e7\u00f5es e conta com uma equipa de 18 profissionais dedicados (incluindo skippers locais e bi\u00f3logos), priorizando grupos pequenos para um servi\u00e7o personalizado, seguro e confort\u00e1vel. \u00c9 certificada pelo Turismo de Portugal com o selo Clean & Safe","email":"info@bluefleet.pt","telephone":"00351911963309","legalName":"Bluefleet","numberOfEmployees":{"@type":"QuantitativeValue","minValue":"11","maxValue":"50"}}]}},"_links":{"self":[{"href":"https:\/\/www.bluefleet.pt\/de\/wp-json\/wp\/v2\/pages\/5638","targetHints":{"allow":["GET"]}}],"collection":[{"href":"https:\/\/www.bluefleet.pt\/de\/wp-json\/wp\/v2\/pages"}],"about":[{"href":"https:\/\/www.bluefleet.pt\/de\/wp-json\/wp\/v2\/types\/page"}],"author":[{"embeddable":true,"href":"https:\/\/www.bluefleet.pt\/de\/wp-json\/wp\/v2\/users\/1"}],"replies":[{"embeddable":true,"href":"https:\/\/www.bluefleet.pt\/de\/wp-json\/wp\/v2\/comments?post=5638"}],"version-history":[{"count":3,"href":"https:\/\/www.bluefleet.pt\/de\/wp-json\/wp\/v2\/pages\/5638\/revisions"}],"predecessor-version":[{"id":7009,"href":"https:\/\/www.bluefleet.pt\/de\/wp-json\/wp\/v2\/pages\/5638\/revisions\/7009"}],"wp:attachment":[{"href":"https:\/\/www.bluefleet.pt\/de\/wp-json\/wp\/v2\/media?parent=5638"}],"curies":[{"name":"wp","href":"https:\/\/api.w.org\/{rel}","templated":true}]}}