{"id":7034,"date":"2023-12-12T20:02:11","date_gmt":"2023-12-12T20:02:11","guid":{"rendered":"https:\/\/www.bluefleet.pt\/portugal-2020\/reforcar-a-competitividade-das-pequenas-e-medias-empresas\/"},"modified":"2024-09-23T16:51:43","modified_gmt":"2024-09-23T16:51:43","slug":"reforcar-a-competitividade-das-pequenas-e-medias-empresas","status":"publish","type":"page","link":"https:\/\/www.bluefleet.pt\/en\/portugal-2020\/reforcar-a-competitividade-das-pequenas-e-medias-empresas\/","title":{"rendered":"Refor\u00e7ar a competitividade das pequenas e m\u00e9dias empresas"},"content":{"rendered":"<div class=\"wpb-content-wrapper\"><p>[vc_row enable_surfer_icon=&#8221;no&#8221; parallax_background_image=&#8221;4370&#8243; parallax_bg_speed=&#8221;1.5&#8243; parallax_bg_height=&#8221;610px&#8221;][vc_column offset=&#8221;vc_col-lg-offset-0 vc_col-lg-12 vc_col-md-offset-0 vc_col-md-12 vc_col-sm-offset-0 vc_col-xs-12&#8243;][vc_row_inner row_content_width=&#8221;grid&#8221;][vc_column_inner offset=&#8221;vc_col-lg-offset-0 vc_col-lg-8 vc_col-md-offset-0 vc_col-md-12 vc_col-sm-offset-0 vc_col-xs-12&#8243;]<div class=\"qodef-elements-holder   qodef-one-column  qodef-responsive-mode-768 \" ><div class=\"qodef-eh-item  qodef-vertical-alignment-top  \"  data-item-class=\"qodef-eh-custom-9835\" data-1400-1600=\"290px 0 210px 0\" data-1025-1399=\"290px 0 210px 0\" data-769-1024=\"150px 0 150px 0\" data-681-768=\"150px 0 150px 0\" data-680=\"100px 0 100px 0\">\n\t<div class=\"qodef-eh-item-inner\">\n\t\t<div class=\"qodef-eh-item-content qodef-eh-custom-9835\" style=\"padding: 295px 0 220px 0\">\n\t\t\t<div class=\"qodef-section-title-holder  \" >\n\t<div class=\"qodef-st-inner\">\n        \t\t\t\t\t<h1 class=\"qodef-st-title\" style=\"color: #ffffff\">\n\t\t\t\tPortugal 2020 - CRESC\t\t\t<\/h1>\n\t\t        \t\t\t\t\t<\/div>\n<\/div>\t\t<\/div>\n\t<\/div>\n<\/div><\/div>[\/vc_column_inner][\/vc_row_inner][\/vc_column][\/vc_row][vc_row disable_background_image=&#8221;480&#8243; enable_surfer_icon=&#8221;no&#8221; simple_background_image=&#8221;3206&#8243; background_image_position=&#8221;top center&#8221;][vc_column offset=&#8221;vc_col-lg-offset-0 vc_col-lg-12 vc_col-md-offset-0 vc_col-md-12 vc_col-sm-offset-0 vc_col-xs-12&#8243;][vc_row_inner row_content_width=&#8221;grid&#8221;][vc_column_inner offset=&#8221;vc_col-lg-offset-0 vc_col-lg-10 vc_col-md-offset-0 vc_col-md-11 vc_col-sm-offset-0 vc_col-xs-12&#8243;]<div class=\"qodef-elements-holder   qodef-one-column  qodef-responsive-mode-768 \" ><div class=\"qodef-eh-item  qodef-vertical-alignment-top  \"  data-item-class=\"qodef-eh-custom-2546\" data-1400-1600=\"100px 35% 55px 0\" data-1025-1399=\"100px 35% 55px 0\" data-769-1024=\"80px 0 55px 0\" data-681-768=\"80px 0 55px 0\" data-680=\"85px 0 55px 0\">\n\t<div class=\"qodef-eh-item-inner\">\n\t\t<div class=\"qodef-eh-item-content qodef-eh-custom-2546\" style=\"padding: 100px 35% 55px 0\">\n\t\t\t<div class=\"qodef-section-title-holder  \" >\n\t<div class=\"qodef-st-inner\">\n        \t\t\t\t\t<h2 class=\"qodef-st-title\" style=\"color: #1c3869\">\n\t\t\t\tCo-financed by:\t\t\t<\/h2>\n\t\t        \t\t\t\t\t<\/div>\n<\/div>[vc_empty_space height=&#8221;40px&#8221;][vc_single_image image=&#8221;3183&#8243; img_size=&#8221;full&#8221;]\t\t<\/div>\n\t<\/div>\n<\/div><\/div><div class=\"qodef-elements-holder   qodef-one-column  qodef-responsive-mode-768 \" ><div class=\"qodef-eh-item  qodef-vertical-alignment-top  \"  data-item-class=\"qodef-eh-custom-5452\" data-1400-1600=\"0 0 105px 0\" data-1025-1399=\"0 0 105px 0\" data-769-1024=\"0 0 85px 0\" data-681-768=\"0 0 85px 0\" data-680=\"0 0 80px 0\">\n\t<div class=\"qodef-eh-item-inner\">\n\t\t<div class=\"qodef-eh-item-content qodef-eh-custom-5452\" style=\"padding: 0 0 105px 0\">\n\t\t\t<div class=\"qodef-section-title-holder  \" >\n\t<div class=\"qodef-st-inner\">\n        \t\t\t\t\t<h3 class=\"qodef-st-title\" style=\"color: #1c3869\">\n\t\t\t\tRefor\u00e7ar a competitividade das pequenas e m\u00e9dias empresas\t\t\t<\/h3>\n\t\t        \t\t\t\t\t<\/div>\n<\/div>[vc_empty_space height=&#8221;15px&#8221;][vc_column_text]<strong>Designa\u00e7\u00e3o do Projeto<\/strong> | REFOR\u00c7AR A COMPETITIVIDADE DAS PEQUENAS E M\u00c9DIAS EMPRESAS ALG-02-0853-FEDER-046353<\/p>\n<p><strong>Objetivo Principal<\/strong> | REFOR\u00c7AR A COMPETITIVIDADE DAS PEQUENAS E M\u00c9DIAS EMPRESAS<\/p>\n<p><strong>Regi\u00e3o de Interven\u00e7\u00e3o<\/strong> | ALGARVE<\/p>\n<p><strong>Entidade Benefici\u00e1ria<\/strong> | BLUEFLEET \u2013 ATIVIDADES TUR\u00cdSTICAS LDA.<\/p>\n<p><strong>Data de Aprova\u00e7\u00e3o<\/strong> | 2020-03-13<br \/>\n<strong>Data de In\u00edcio<\/strong> | 2020-04-01<br \/>\n<strong>Data de Conclus\u00e3o<\/strong> | 2021-06-29<br \/>\n<strong>Custo Total Eleg\u00edvel<\/strong> | 466.595,00\u20ac<br \/>\n<strong>Apoio Financeiro da U.E.<\/strong> | 256.627,26\u20ac<\/p>\n<p><strong>Apoio Financeiro P\u00fablico Nacional\/Regional (quando aplic\u00e1vel)<\/strong> | n\/aplic\u00e1vel<\/p>\n<p><strong>Objetivos, atividades e resultados esperados \/ atingidos<\/strong> | A BLUEFLEET vai investir num novo catamaran com carater\u00edsticas inovadoras para o mercado de Lagos, com capacidade para 50 passageiros, que permitir\u00e1 criar dois novos programas que poder\u00e3o funcionar durante todo o ano. O investimento inclui tamb\u00e9m inova\u00e7\u00f5es no marketing e vendas.[\/vc_column_text]\t\t<\/div>\n\t<\/div>\n<\/div><\/div>[\/vc_column_inner][\/vc_row_inner][\/vc_column][\/vc_row][vc_row row_content_width=&#8221;grid&#8221; enable_surfer_icon=&#8221;no&#8221; simple_background_color=&#8221;#f8f8f8&#8243;][vc_column offset=&#8221;vc_col-lg-offset-0 vc_col-lg-12 vc_col-md-offset-0 vc_col-md-12 vc_col-sm-offset-0 vc_col-xs-12&#8243;]<div class=\"qodef-elements-holder   qodef-two-columns  qodef-responsive-mode-680 \" ><div class=\"qodef-eh-item    \"  data-item-class=\"qodef-eh-custom-1341\" data-1400-1600=\"30px 0 30px 0\" data-1025-1399=\"30px 0 30px 0\" data-769-1024=\"30px 0 30px 0\" data-681-768=\"30px 0 30px 0\" data-680=\"30px 0 10px 0\">\n\t<div class=\"qodef-eh-item-inner\">\n\t\t<div class=\"qodef-eh-item-content qodef-eh-custom-1341\" style=\"padding: 30px 0 30px 0\">\n\t\t\t[vc_custom_heading text=&#8221;Find your perfect experience&#8221; font_container=&#8221;tag:h3|font_size:27px|text_align:left|color:%231c3869|line_height:37px&#8221; use_theme_fonts=&#8221;yes&#8221;]\t\t<\/div>\n\t<\/div>\n<\/div><div class=\"qodef-eh-item    \"  data-item-class=\"qodef-eh-custom-4914\" data-1400-1600=\"0 0 0 65%\" data-1025-1399=\"0 0 0 65%\" data-769-1024=\"0 0 0 53%\" data-681-768=\"0 0 0 40%\" data-680=\"0 0 60px 0\">\n\t<div class=\"qodef-eh-item-inner\">\n\t\t<div class=\"qodef-eh-item-content qodef-eh-custom-4914\" style=\"padding: 0 0 0 65%\">\n\t\t\t<a itemprop=\"url\" href=\"https:\/\/www.bluefleet.pt\/en\/experiences\/\" target=\"_self\" style=\"color: #ffffff;background-color: #1c3869;border-color: #1c3869;font-size: 13px;text-transform: uppercase\" class=\"qodef-btn qodef-btn-medium qodef-btn-solid qodef-btn-custom-hover-bg qodef-btn-custom-border-hover qodef-btn-custom-hover-color qodef-btn-wave-hover\" data-hover-color=\"#ffffff\" data-hover-bg-color=\"#0b2c68\" data-hover-border-color=\"#0b2c68\" >\n        <span class=\"qodef-btn-text\">BOOK NOW<\/span>\n            <span class=\"qodef-btn-wave-holder\" style=\"background-image: url(&quot;data:image\/svg+xml,%3Csvg xmlns=&#039;http:\/\/www.w3.org\/2000\/svg&#039; x=&#039;0px&#039; y=&#039;0px&#039; width=&#039;172px&#039; height=&#039;126px&#039; viewBox=&#039;0 0 172 125.7&#039; enable-background=&#039;0 0 172 125.7&#039; xml:space=&#039;preserve&#039; %3E%3Cpath fill=&#039;%230b2c68&#039; d=&#039;M173,22.7c-33.9,0-44.7-14.1-88.4-14.1c-43.6,0-54.5,14.1-86,14.1V126l174.4-0.3C173,125.7,173,28.7,173,22.7z&#039;\/%3E%3C\/svg%3E&quot;)\" ><\/span>\n        <\/a>\t\t<\/div>\n\t<\/div>\n<\/div><\/div>[\/vc_column][\/vc_row]<\/p>\n<\/div>","protected":false},"excerpt":{"rendered":"<p>[vc_row enable_surfer_icon=&#8221;no&#8221; parallax_background_image=&#8221;4370&#8243; parallax_bg_speed=&#8221;1.5&#8243; parallax_bg_height=&#8221;610px&#8221;][vc_column offset=&#8221;vc_col-lg-offset-0 vc_col-lg-12 vc_col-md-offset-0 vc_col-md-12 vc_col-sm-offset-0 vc_col-xs-12&#8243;][vc_row_inner row_content_width=&#8221;grid&#8221;][vc_column_inner offset=&#8221;vc_col-lg-offset-0 vc_col-lg-8 vc_col-md-offset-0 vc_col-md-12 vc_col-sm-offset-0 vc_col-xs-12&#8243;][\/vc_column_inner][\/vc_row_inner][\/vc_column][\/vc_row][vc_row disable_background_image=&#8221;480&#8243; enable_surfer_icon=&#8221;no&#8221; simple_background_image=&#8221;3206&#8243; background_image_position=&#8221;top center&#8221;][vc_column offset=&#8221;vc_col-lg-offset-0 vc_col-lg-12 vc_col-md-offset-0 vc_col-md-12 vc_col-sm-offset-0 vc_col-xs-12&#8243;][vc_row_inner row_content_width=&#8221;grid&#8221;][vc_column_inner [&hellip;]<\/p>\n","protected":false},"author":6,"featured_media":0,"parent":4761,"menu_order":2,"comment_status":"closed","ping_status":"closed","template":"full-width.php","meta":{"_acf_changed":false,"footnotes":""},"class_list":["post-7034","page","type-page","status-publish","hentry"],"acf":[],"yoast_head":"<!-- This site is optimized with the Yoast SEO Premium plugin v25.5 (Yoast SEO v25.5) - https:\/\/yoast.com\/wordpress\/plugins\/seo\/ -->\n<title>Strengthen SME Competitiveness - BlueFleet<\/title>\n<meta name=\"description\" content=\"All the information about the Portugal 2020 program requested by BlueFleet to strengthen SME competitiveness. Learn more here.\" \/>\n<meta name=\"robots\" content=\"index, follow, max-snippet:-1, max-image-preview:large, max-video-preview:-1\" \/>\n<link rel=\"canonical\" href=\"https:\/\/www.bluefleet.pt\/en\/portugal-2020\/reforcar-a-competitividade-das-pequenas-e-medias-empresas\/\" \/>\n<meta property=\"og:locale\" content=\"en_US\" \/>\n<meta property=\"og:type\" content=\"article\" \/>\n<meta property=\"og:title\" content=\"Refor\u00e7ar a competitividade das pequenas e m\u00e9dias empresas\" \/>\n<meta property=\"og:description\" content=\"All the information about the Portugal 2020 program requested by BlueFleet to strengthen SME competitiveness. Learn more here.\" \/>\n<meta property=\"og:url\" content=\"https:\/\/www.bluefleet.pt\/en\/portugal-2020\/reforcar-a-competitividade-das-pequenas-e-medias-empresas\/\" \/>\n<meta property=\"og:site_name\" content=\"BlueFleet\" \/>\n<meta property=\"article:publisher\" content=\"https:\/\/www.facebook.com\/bluefleetlagos\/\" \/>\n<meta property=\"article:modified_time\" content=\"2024-09-23T16:51:43+00:00\" \/>\n<meta name=\"twitter:card\" content=\"summary_large_image\" \/>\n<meta name=\"twitter:label1\" content=\"Est. reading time\" \/>\n\t<meta name=\"twitter:data1\" content=\"4 minutes\" \/>\n<script type=\"application\/ld+json\" class=\"yoast-schema-graph\">{\"@context\":\"https:\/\/schema.org\",\"@graph\":[{\"@type\":\"WebPage\",\"@id\":\"https:\/\/www.bluefleet.pt\/en\/portugal-2020\/reforcar-a-competitividade-das-pequenas-e-medias-empresas\/\",\"url\":\"https:\/\/www.bluefleet.pt\/en\/portugal-2020\/reforcar-a-competitividade-das-pequenas-e-medias-empresas\/\",\"name\":\"Strengthen SME Competitiveness - BlueFleet\",\"isPartOf\":{\"@id\":\"https:\/\/www.bluefleet.pt\/#website\"},\"datePublished\":\"2023-12-12T20:02:11+00:00\",\"dateModified\":\"2024-09-23T16:51:43+00:00\",\"description\":\"All the information about the Portugal 2020 program requested by BlueFleet to strengthen SME competitiveness. Learn more here.\",\"breadcrumb\":{\"@id\":\"https:\/\/www.bluefleet.pt\/en\/portugal-2020\/reforcar-a-competitividade-das-pequenas-e-medias-empresas\/#breadcrumb\"},\"inLanguage\":\"en-US\",\"potentialAction\":[{\"@type\":\"ReadAction\",\"target\":[\"https:\/\/www.bluefleet.pt\/en\/portugal-2020\/reforcar-a-competitividade-das-pequenas-e-medias-empresas\/\"]}]},{\"@type\":\"BreadcrumbList\",\"@id\":\"https:\/\/www.bluefleet.pt\/en\/portugal-2020\/reforcar-a-competitividade-das-pequenas-e-medias-empresas\/#breadcrumb\",\"itemListElement\":[{\"@type\":\"ListItem\",\"position\":1,\"name\":\"In\u00edcio\",\"item\":\"https:\/\/www.bluefleet.pt\/en\/\"},{\"@type\":\"ListItem\",\"position\":2,\"name\":\"Portugal 2020 &#8211; CRESC\",\"item\":\"https:\/\/www.bluefleet.pt\/en\/portugal-2020\/\"},{\"@type\":\"ListItem\",\"position\":3,\"name\":\"Refor\u00e7ar a competitividade das pequenas e m\u00e9dias empresas\"}]},{\"@type\":\"WebSite\",\"@id\":\"https:\/\/www.bluefleet.pt\/#website\",\"url\":\"https:\/\/www.bluefleet.pt\/\",\"name\":\"BlueFleet\",\"description\":\"Passeios de barco em Lagos\",\"publisher\":{\"@id\":\"https:\/\/www.bluefleet.pt\/#organization\"},\"potentialAction\":[{\"@type\":\"SearchAction\",\"target\":{\"@type\":\"EntryPoint\",\"urlTemplate\":\"https:\/\/www.bluefleet.pt\/?s={search_term_string}\"},\"query-input\":{\"@type\":\"PropertyValueSpecification\",\"valueRequired\":true,\"valueName\":\"search_term_string\"}}],\"inLanguage\":\"en-US\"},{\"@type\":\"Organization\",\"@id\":\"https:\/\/www.bluefleet.pt\/#organization\",\"name\":\"Bluefleet - Passeios de barco em Lagos\",\"alternateName\":\"Bluefleet\",\"url\":\"https:\/\/www.bluefleet.pt\/\",\"logo\":{\"@type\":\"ImageObject\",\"inLanguage\":\"en-US\",\"@id\":\"https:\/\/www.bluefleet.pt\/#\/schema\/logo\/image\/\",\"url\":\"https:\/\/www.bluefleet.pt\/wp-content\/uploads\/2025\/12\/BlueFleet-Logo.png\",\"contentUrl\":\"https:\/\/www.bluefleet.pt\/wp-content\/uploads\/2025\/12\/BlueFleet-Logo.png\",\"width\":366,\"height\":230,\"caption\":\"Bluefleet - Passeios de barco em Lagos\"},\"image\":{\"@id\":\"https:\/\/www.bluefleet.pt\/#\/schema\/logo\/image\/\"},\"sameAs\":[\"https:\/\/www.facebook.com\/bluefleetlagos\/\",\"https:\/\/www.instagram.com\/bluefleet.pt\/\",\"https:\/\/www.youtube.com\/channel\/UCqOM2m1S-mVfX1n9pDRVfzw\"],\"description\":\"A BlueFleet \u00e9 uma empresa portuguesa sediada em Lagos, Algarve, especializada em passeios de barco, desportos n\u00e1uticos e atividades mar\u00edtimo-tur\u00edsticas com mais de 12 anos de experi\u00eancia. Oferece experi\u00eancias inesquec\u00edveis como os tradicionais passeios \u00e0s Grutas da Ponta da Piedade, observa\u00e7\u00e3o de golfinhos e outros cet\u00e1ceos com bi\u00f3logos marinhos, passeios de caiaque, cruzeiros costeiros e tours privados (Blue Cruise, Blue Sunset Cruise, Blue Breeze). A BlueFleet opera com uma frota de 12 embarca\u00e7\u00f5es e conta com uma equipa de 18 profissionais dedicados (incluindo skippers locais e bi\u00f3logos), priorizando grupos pequenos para um servi\u00e7o personalizado, seguro e confort\u00e1vel. \u00c9 certificada pelo Turismo de Portugal com o selo Clean & Safe\",\"email\":\"info@bluefleet.pt\",\"telephone\":\"00351911963309\",\"legalName\":\"Bluefleet\",\"numberOfEmployees\":{\"@type\":\"QuantitativeValue\",\"minValue\":\"11\",\"maxValue\":\"50\"}}]}<\/script>\n<!-- \/ Yoast SEO Premium plugin. -->","yoast_head_json":{"title":"Strengthen SME Competitiveness - BlueFleet","description":"All the information about the Portugal 2020 program requested by BlueFleet to strengthen SME competitiveness. Learn more here.","robots":{"index":"index","follow":"follow","max-snippet":"max-snippet:-1","max-image-preview":"max-image-preview:large","max-video-preview":"max-video-preview:-1"},"canonical":"https:\/\/www.bluefleet.pt\/en\/portugal-2020\/reforcar-a-competitividade-das-pequenas-e-medias-empresas\/","og_locale":"en_US","og_type":"article","og_title":"Refor\u00e7ar a competitividade das pequenas e m\u00e9dias empresas","og_description":"All the information about the Portugal 2020 program requested by BlueFleet to strengthen SME competitiveness. Learn more here.","og_url":"https:\/\/www.bluefleet.pt\/en\/portugal-2020\/reforcar-a-competitividade-das-pequenas-e-medias-empresas\/","og_site_name":"BlueFleet","article_publisher":"https:\/\/www.facebook.com\/bluefleetlagos\/","article_modified_time":"2024-09-23T16:51:43+00:00","twitter_card":"summary_large_image","twitter_misc":{"Est. reading time":"4 minutes"},"schema":{"@context":"https:\/\/schema.org","@graph":[{"@type":"WebPage","@id":"https:\/\/www.bluefleet.pt\/en\/portugal-2020\/reforcar-a-competitividade-das-pequenas-e-medias-empresas\/","url":"https:\/\/www.bluefleet.pt\/en\/portugal-2020\/reforcar-a-competitividade-das-pequenas-e-medias-empresas\/","name":"Strengthen SME Competitiveness - BlueFleet","isPartOf":{"@id":"https:\/\/www.bluefleet.pt\/#website"},"datePublished":"2023-12-12T20:02:11+00:00","dateModified":"2024-09-23T16:51:43+00:00","description":"All the information about the Portugal 2020 program requested by BlueFleet to strengthen SME competitiveness. Learn more here.","breadcrumb":{"@id":"https:\/\/www.bluefleet.pt\/en\/portugal-2020\/reforcar-a-competitividade-das-pequenas-e-medias-empresas\/#breadcrumb"},"inLanguage":"en-US","potentialAction":[{"@type":"ReadAction","target":["https:\/\/www.bluefleet.pt\/en\/portugal-2020\/reforcar-a-competitividade-das-pequenas-e-medias-empresas\/"]}]},{"@type":"BreadcrumbList","@id":"https:\/\/www.bluefleet.pt\/en\/portugal-2020\/reforcar-a-competitividade-das-pequenas-e-medias-empresas\/#breadcrumb","itemListElement":[{"@type":"ListItem","position":1,"name":"In\u00edcio","item":"https:\/\/www.bluefleet.pt\/en\/"},{"@type":"ListItem","position":2,"name":"Portugal 2020 &#8211; CRESC","item":"https:\/\/www.bluefleet.pt\/en\/portugal-2020\/"},{"@type":"ListItem","position":3,"name":"Refor\u00e7ar a competitividade das pequenas e m\u00e9dias empresas"}]},{"@type":"WebSite","@id":"https:\/\/www.bluefleet.pt\/#website","url":"https:\/\/www.bluefleet.pt\/","name":"BlueFleet","description":"Passeios de barco em Lagos","publisher":{"@id":"https:\/\/www.bluefleet.pt\/#organization"},"potentialAction":[{"@type":"SearchAction","target":{"@type":"EntryPoint","urlTemplate":"https:\/\/www.bluefleet.pt\/?s={search_term_string}"},"query-input":{"@type":"PropertyValueSpecification","valueRequired":true,"valueName":"search_term_string"}}],"inLanguage":"en-US"},{"@type":"Organization","@id":"https:\/\/www.bluefleet.pt\/#organization","name":"Bluefleet - Passeios de barco em Lagos","alternateName":"Bluefleet","url":"https:\/\/www.bluefleet.pt\/","logo":{"@type":"ImageObject","inLanguage":"en-US","@id":"https:\/\/www.bluefleet.pt\/#\/schema\/logo\/image\/","url":"https:\/\/www.bluefleet.pt\/wp-content\/uploads\/2025\/12\/BlueFleet-Logo.png","contentUrl":"https:\/\/www.bluefleet.pt\/wp-content\/uploads\/2025\/12\/BlueFleet-Logo.png","width":366,"height":230,"caption":"Bluefleet - Passeios de barco em Lagos"},"image":{"@id":"https:\/\/www.bluefleet.pt\/#\/schema\/logo\/image\/"},"sameAs":["https:\/\/www.facebook.com\/bluefleetlagos\/","https:\/\/www.instagram.com\/bluefleet.pt\/","https:\/\/www.youtube.com\/channel\/UCqOM2m1S-mVfX1n9pDRVfzw"],"description":"A BlueFleet \u00e9 uma empresa portuguesa sediada em Lagos, Algarve, especializada em passeios de barco, desportos n\u00e1uticos e atividades mar\u00edtimo-tur\u00edsticas com mais de 12 anos de experi\u00eancia. Oferece experi\u00eancias inesquec\u00edveis como os tradicionais passeios \u00e0s Grutas da Ponta da Piedade, observa\u00e7\u00e3o de golfinhos e outros cet\u00e1ceos com bi\u00f3logos marinhos, passeios de caiaque, cruzeiros costeiros e tours privados (Blue Cruise, Blue Sunset Cruise, Blue Breeze). A BlueFleet opera com uma frota de 12 embarca\u00e7\u00f5es e conta com uma equipa de 18 profissionais dedicados (incluindo skippers locais e bi\u00f3logos), priorizando grupos pequenos para um servi\u00e7o personalizado, seguro e confort\u00e1vel. \u00c9 certificada pelo Turismo de Portugal com o selo Clean & Safe","email":"info@bluefleet.pt","telephone":"00351911963309","legalName":"Bluefleet","numberOfEmployees":{"@type":"QuantitativeValue","minValue":"11","maxValue":"50"}}]}},"_links":{"self":[{"href":"https:\/\/www.bluefleet.pt\/en\/wp-json\/wp\/v2\/pages\/7034","targetHints":{"allow":["GET"]}}],"collection":[{"href":"https:\/\/www.bluefleet.pt\/en\/wp-json\/wp\/v2\/pages"}],"about":[{"href":"https:\/\/www.bluefleet.pt\/en\/wp-json\/wp\/v2\/types\/page"}],"author":[{"embeddable":true,"href":"https:\/\/www.bluefleet.pt\/en\/wp-json\/wp\/v2\/users\/6"}],"replies":[{"embeddable":true,"href":"https:\/\/www.bluefleet.pt\/en\/wp-json\/wp\/v2\/comments?post=7034"}],"version-history":[{"count":2,"href":"https:\/\/www.bluefleet.pt\/en\/wp-json\/wp\/v2\/pages\/7034\/revisions"}],"predecessor-version":[{"id":7482,"href":"https:\/\/www.bluefleet.pt\/en\/wp-json\/wp\/v2\/pages\/7034\/revisions\/7482"}],"up":[{"embeddable":true,"href":"https:\/\/www.bluefleet.pt\/en\/wp-json\/wp\/v2\/pages\/4761"}],"wp:attachment":[{"href":"https:\/\/www.bluefleet.pt\/en\/wp-json\/wp\/v2\/media?parent=7034"}],"curies":[{"name":"wp","href":"https:\/\/api.w.org\/{rel}","templated":true}]}}