{"id":7027,"date":"2023-12-12T19:27:01","date_gmt":"2023-12-12T19:27:01","guid":{"rendered":"https:\/\/www.bluefleet.pt\/portugal-2020\/bluefleet-adaptar-pme\/"},"modified":"2024-09-23T19:00:18","modified_gmt":"2024-09-23T19:00:18","slug":"bluefleet-adaptar-pme","status":"publish","type":"page","link":"https:\/\/www.bluefleet.pt\/fr\/portugal-2020\/bluefleet-adaptar-pme\/","title":{"rendered":"BLUEFLEET \u2013 Adaptar PME"},"content":{"rendered":"<div class=\"wpb-content-wrapper\"><p>[vc_row enable_surfer_icon=\u00a0\u00bbno\u00a0\u00bb parallax_background_image=\u00a0\u00bb4370&Prime; parallax_bg_speed=\u00a0\u00bb1.5&Prime; parallax_bg_height=\u00a0\u00bb610px\u00a0\u00bb][vc_column offset=\u00a0\u00bbvc_col-lg-offset-0 vc_col-lg-12 vc_col-md-offset-0 vc_col-md-12 vc_col-sm-offset-0 vc_col-xs-12&Prime;][vc_row_inner row_content_width=\u00a0\u00bbgrid\u00a0\u00bb][vc_column_inner offset=\u00a0\u00bbvc_col-lg-offset-0 vc_col-lg-8 vc_col-md-offset-0 vc_col-md-12 vc_col-sm-offset-0 vc_col-xs-12&Prime;]<div class=\"qodef-elements-holder   qodef-one-column  qodef-responsive-mode-768 \" ><div class=\"qodef-eh-item  qodef-vertical-alignment-top  \"  data-item-class=\"qodef-eh-custom-9639\" data-1400-1600=\"290px 0 210px 0\" data-1025-1399=\"290px 0 210px 0\" data-769-1024=\"150px 0 150px 0\" data-681-768=\"150px 0 150px 0\" data-680=\"100px 0 100px 0\">\n\t<div class=\"qodef-eh-item-inner\">\n\t\t<div class=\"qodef-eh-item-content qodef-eh-custom-9639\" style=\"padding: 295px 0 220px 0\">\n\t\t\t<div class=\"qodef-section-title-holder  \" >\n\t<div class=\"qodef-st-inner\">\n        \t\t\t\t\t<h1 class=\"qodef-st-title\" style=\"color: #ffffff\">\n\t\t\t\tPortugal 2020 - CRESC\t\t\t<\/h1>\n\t\t        \t\t\t\t\t<\/div>\n<\/div>\t\t<\/div>\n\t<\/div>\n<\/div><\/div>[\/vc_column_inner][\/vc_row_inner][\/vc_column][\/vc_row][vc_row disable_background_image=\u00a0\u00bb480&Prime; enable_surfer_icon=\u00a0\u00bbno\u00a0\u00bb simple_background_image=\u00a0\u00bb3206&Prime; background_image_position=\u00a0\u00bbtop center\u00a0\u00bb][vc_column offset=\u00a0\u00bbvc_col-lg-offset-0 vc_col-lg-12 vc_col-md-offset-0 vc_col-md-12 vc_col-sm-offset-0 vc_col-xs-12&Prime;][vc_row_inner row_content_width=\u00a0\u00bbgrid\u00a0\u00bb][vc_column_inner offset=\u00a0\u00bbvc_col-lg-offset-0 vc_col-lg-10 vc_col-md-offset-0 vc_col-md-11 vc_col-sm-offset-0 vc_col-xs-12&Prime;]<div class=\"qodef-elements-holder   qodef-one-column  qodef-responsive-mode-768 \" ><div class=\"qodef-eh-item  qodef-vertical-alignment-top  \"  data-item-class=\"qodef-eh-custom-6307\" data-1400-1600=\"100px 35% 55px 0\" data-1025-1399=\"100px 35% 55px 0\" data-769-1024=\"80px 0 55px 0\" data-681-768=\"80px 0 55px 0\" data-680=\"85px 0 55px 0\">\n\t<div class=\"qodef-eh-item-inner\">\n\t\t<div class=\"qodef-eh-item-content qodef-eh-custom-6307\" style=\"padding: 100px 35% 55px 0\">\n\t\t\t<div class=\"qodef-section-title-holder  \" >\n\t<div class=\"qodef-st-inner\">\n        \t\t\t\t\t<h2 class=\"qodef-st-title\" style=\"color: #1c3869\">\n\t\t\t\tCofinanc\u00e9 par:\t\t\t<\/h2>\n\t\t        \t\t\t\t\t<\/div>\n<\/div>[vc_empty_space height=\u00a0\u00bb40px\u00a0\u00bb][vc_single_image image=\u00a0\u00bb3183&Prime; img_size=\u00a0\u00bbfull\u00a0\u00bb]\t\t<\/div>\n\t<\/div>\n<\/div><\/div><div class=\"qodef-elements-holder   qodef-one-column  qodef-responsive-mode-768 \" ><div class=\"qodef-eh-item  qodef-vertical-alignment-top  \"  data-item-class=\"qodef-eh-custom-5252\" data-1400-1600=\"0 0 105px 0\" data-1025-1399=\"0 0 105px 0\" data-769-1024=\"0 0 85px 0\" data-681-768=\"0 0 85px 0\" data-680=\"0 0 80px 0\">\n\t<div class=\"qodef-eh-item-inner\">\n\t\t<div class=\"qodef-eh-item-content qodef-eh-custom-5252\" style=\"padding: 0 0 105px 0\">\n\t\t\t<div class=\"qodef-section-title-holder  \" >\n\t<div class=\"qodef-st-inner\">\n        \t\t\t\t\t<h3 class=\"qodef-st-title\" style=\"color: #1c3869\">\n\t\t\t\tBLUEFLEET \u2013 Adaptar PME\t\t\t<\/h3>\n\t\t        \t\t\t\t\t<\/div>\n<\/div>[vc_empty_space height=\u00a0\u00bb15px\u00a0\u00bb][vc_column_text]<strong>Designa\u00e7\u00e3o do Projeto<\/strong> | BLUEFLEET \u2013 Adaptar PME \u2013 Bluefleet<\/p>\n<p><strong>C\u00f3digo do Projeto<\/strong> | ALG-02-08B9-FEDER-071608<\/p>\n<p><strong>Objetivo Principal<\/strong> | REFOR\u00c7AR A COMPETITIVIDADE DAS PEQUENAS E M\u00c9DIAS EMPRESAS<\/p>\n<p><strong>Regi\u00e3o de Interven\u00e7\u00e3o<\/strong> | ALGARVE<\/p>\n<p><strong>Entidade Benefici\u00e1ria<\/strong> | BLUEFLEET \u2013 ATIVIDADES TUR\u00cdSTICAS LDA.<\/p>\n<p><strong>Data de Aprova\u00e7\u00e3o<\/strong> | 2020-07-21<br \/>\n<strong>Data de In\u00edcio<\/strong> | 2020-06-18<br \/>\n<strong>Data de Conclus\u00e3o<\/strong> | 2020-12-31<br \/>\n<strong>Custo Total Eleg\u00edvel<\/strong> | 33.886,00\u20ac<br \/>\n<strong>Apoio Financeiro da U.E.<\/strong> | 16.943,00\u20ac<\/p>\n<p><strong>Apoio Financeiro P\u00fablico Nacional\/Regional (quando aplic\u00e1vel)<\/strong> | n\/aplic\u00e1vel<\/p>\n<p><strong>Objetivos, atividades e resultados esperados \/ atingidos<\/strong> | A BLUEFLEET, LDA vai investir na introdu\u00e7\u00e3o de novos m\u00e9todos de organiza\u00e7\u00e3o do trabalho e de relacionamento com clientes, necess\u00e1rios para controlar a pandemia COVID-19, dando cumprimento \u00e0s normas e recomenda\u00e7\u00f5es das Autoridades de Sa\u00fade.[\/vc_column_text]\t\t<\/div>\n\t<\/div>\n<\/div><\/div>[\/vc_column_inner][\/vc_row_inner][\/vc_column][\/vc_row][vc_row row_content_width=\u00a0\u00bbgrid\u00a0\u00bb enable_surfer_icon=\u00a0\u00bbno\u00a0\u00bb simple_background_color=\u00a0\u00bb#f8f8f8&Prime;][vc_column offset=\u00a0\u00bbvc_col-lg-offset-0 vc_col-lg-12 vc_col-md-offset-0 vc_col-md-12 vc_col-sm-offset-0 vc_col-xs-12&Prime;]<div class=\"qodef-elements-holder   qodef-two-columns  qodef-responsive-mode-680 \" ><div class=\"qodef-eh-item    \"  data-item-class=\"qodef-eh-custom-6739\" data-1400-1600=\"30px 0 30px 0\" data-1025-1399=\"30px 0 30px 0\" data-769-1024=\"30px 0 30px 0\" data-681-768=\"30px 0 30px 0\" data-680=\"30px 0 10px 0\">\n\t<div class=\"qodef-eh-item-inner\">\n\t\t<div class=\"qodef-eh-item-content qodef-eh-custom-6739\" style=\"padding: 30px 0 30px 0\">\n\t\t\t[vc_custom_heading text=\u00a0\u00bbTROUVEZ L\u2019EXP\u00c9RIENCE DE VOS R\u00caVES\u00a0\u00bb font_container=\u00a0\u00bbtag:h3|font_size:27px|text_align:left|color:%231c3869|line_height:37px\u00a0\u00bb use_theme_fonts=\u00a0\u00bbyes\u00a0\u00bb]\t\t<\/div>\n\t<\/div>\n<\/div><div class=\"qodef-eh-item    \"  data-item-class=\"qodef-eh-custom-9534\" data-1400-1600=\"0 0 0 65%\" data-1025-1399=\"0 0 0 65%\" data-769-1024=\"0 0 0 53%\" data-681-768=\"0 0 0 40%\" data-680=\"0 0 60px 0\">\n\t<div class=\"qodef-eh-item-inner\">\n\t\t<div class=\"qodef-eh-item-content qodef-eh-custom-9534\" style=\"padding: 0 0 0 65%\">\n\t\t\t<a itemprop=\"url\" href=\"https:\/\/www.bluefleet.pt\/fr\/experiences\/\" target=\"_self\" style=\"color: #ffffff;background-color: #1c3869;border-color: #1c3869;font-size: 13px;text-transform: uppercase\" class=\"qodef-btn qodef-btn-medium qodef-btn-solid qodef-btn-custom-hover-bg qodef-btn-custom-border-hover qodef-btn-custom-hover-color qodef-btn-wave-hover\" data-hover-color=\"#ffffff\" data-hover-bg-color=\"#0b2c68\" data-hover-border-color=\"#0b2c68\" >\n        <span class=\"qodef-btn-text\">R\u00c9SERVER<\/span>\n            <span class=\"qodef-btn-wave-holder\" style=\"background-image: url(&quot;data:image\/svg+xml,%3Csvg xmlns=&#039;http:\/\/www.w3.org\/2000\/svg&#039; x=&#039;0px&#039; y=&#039;0px&#039; width=&#039;172px&#039; height=&#039;126px&#039; viewBox=&#039;0 0 172 125.7&#039; enable-background=&#039;0 0 172 125.7&#039; xml:space=&#039;preserve&#039; %3E%3Cpath fill=&#039;%230b2c68&#039; d=&#039;M173,22.7c-33.9,0-44.7-14.1-88.4-14.1c-43.6,0-54.5,14.1-86,14.1V126l174.4-0.3C173,125.7,173,28.7,173,22.7z&#039;\/%3E%3C\/svg%3E&quot;)\" ><\/span>\n        <\/a>\t\t<\/div>\n\t<\/div>\n<\/div><\/div>[\/vc_column][\/vc_row]<\/p>\n<\/div>","protected":false},"excerpt":{"rendered":"<p>[vc_row enable_surfer_icon=\u00a0\u00bbno\u00a0\u00bb parallax_background_image=\u00a0\u00bb4370&Prime; parallax_bg_speed=\u00a0\u00bb1.5&Prime; parallax_bg_height=\u00a0\u00bb610px\u00a0\u00bb][vc_column offset=\u00a0\u00bbvc_col-lg-offset-0 vc_col-lg-12 vc_col-md-offset-0 vc_col-md-12 vc_col-sm-offset-0 vc_col-xs-12&Prime;][vc_row_inner row_content_width=\u00a0\u00bbgrid\u00a0\u00bb][vc_column_inner offset=\u00a0\u00bbvc_col-lg-offset-0 vc_col-lg-8 vc_col-md-offset-0 vc_col-md-12 vc_col-sm-offset-0 vc_col-xs-12&Prime;][\/vc_column_inner][\/vc_row_inner][\/vc_column][\/vc_row][vc_row disable_background_image=\u00a0\u00bb480&Prime; enable_surfer_icon=\u00a0\u00bbno\u00a0\u00bb simple_background_image=\u00a0\u00bb3206&Prime; background_image_position=\u00a0\u00bbtop center\u00a0\u00bb][vc_column offset=\u00a0\u00bbvc_col-lg-offset-0 vc_col-lg-12 vc_col-md-offset-0 vc_col-md-12 vc_col-sm-offset-0 vc_col-xs-12&Prime;][vc_row_inner row_content_width=\u00a0\u00bbgrid\u00a0\u00bb][vc_column_inner [&hellip;]<\/p>\n","protected":false},"author":6,"featured_media":0,"parent":5169,"menu_order":1,"comment_status":"closed","ping_status":"closed","template":"full-width.php","meta":{"_acf_changed":false,"footnotes":""},"class_list":["post-7027","page","type-page","status-publish","hentry"],"acf":[],"yoast_head":"<!-- This site is optimized with the Yoast SEO Premium plugin v25.5 (Yoast SEO v25.5) - https:\/\/yoast.com\/wordpress\/plugins\/seo\/ -->\n<title>Adapter la Comp\u00e9titivit\u00e9 des PME | BlueFleet<\/title>\n<meta name=\"description\" content=\"Toutes les informations sur le programme Portugal 2020 que BlueFleet a demand\u00e9 pour adapter la comp\u00e9titivit\u00e9 des PME. En savoir plus ici.\" \/>\n<meta name=\"robots\" content=\"index, follow, max-snippet:-1, max-image-preview:large, max-video-preview:-1\" \/>\n<link rel=\"canonical\" href=\"https:\/\/www.bluefleet.pt\/fr\/portugal-2020\/bluefleet-adaptar-pme\/\" \/>\n<meta property=\"og:locale\" content=\"fr_FR\" \/>\n<meta property=\"og:type\" content=\"article\" \/>\n<meta property=\"og:title\" content=\"BLUEFLEET \u2013 Adaptar PME\" \/>\n<meta property=\"og:description\" content=\"Toutes les informations sur le programme Portugal 2020 que BlueFleet a demand\u00e9 pour adapter la comp\u00e9titivit\u00e9 des PME. En savoir plus ici.\" \/>\n<meta property=\"og:url\" content=\"https:\/\/www.bluefleet.pt\/fr\/portugal-2020\/bluefleet-adaptar-pme\/\" \/>\n<meta property=\"og:site_name\" content=\"BlueFleet\" \/>\n<meta property=\"article:publisher\" content=\"https:\/\/www.facebook.com\/bluefleetlagos\/\" \/>\n<meta property=\"article:modified_time\" content=\"2024-09-23T19:00:18+00:00\" \/>\n<meta name=\"twitter:card\" content=\"summary_large_image\" \/>\n<meta name=\"twitter:label1\" content=\"Dur\u00e9e de lecture estim\u00e9e\" \/>\n\t<meta name=\"twitter:data1\" content=\"3 minutes\" \/>\n<script type=\"application\/ld+json\" class=\"yoast-schema-graph\">{\"@context\":\"https:\/\/schema.org\",\"@graph\":[{\"@type\":\"WebPage\",\"@id\":\"https:\/\/www.bluefleet.pt\/fr\/portugal-2020\/bluefleet-adaptar-pme\/\",\"url\":\"https:\/\/www.bluefleet.pt\/fr\/portugal-2020\/bluefleet-adaptar-pme\/\",\"name\":\"Adapter la Comp\u00e9titivit\u00e9 des PME | BlueFleet\",\"isPartOf\":{\"@id\":\"https:\/\/www.bluefleet.pt\/#website\"},\"datePublished\":\"2023-12-12T19:27:01+00:00\",\"dateModified\":\"2024-09-23T19:00:18+00:00\",\"description\":\"Toutes les informations sur le programme Portugal 2020 que BlueFleet a demand\u00e9 pour adapter la comp\u00e9titivit\u00e9 des PME. En savoir plus ici.\",\"breadcrumb\":{\"@id\":\"https:\/\/www.bluefleet.pt\/fr\/portugal-2020\/bluefleet-adaptar-pme\/#breadcrumb\"},\"inLanguage\":\"fr-FR\",\"potentialAction\":[{\"@type\":\"ReadAction\",\"target\":[\"https:\/\/www.bluefleet.pt\/fr\/portugal-2020\/bluefleet-adaptar-pme\/\"]}]},{\"@type\":\"BreadcrumbList\",\"@id\":\"https:\/\/www.bluefleet.pt\/fr\/portugal-2020\/bluefleet-adaptar-pme\/#breadcrumb\",\"itemListElement\":[{\"@type\":\"ListItem\",\"position\":1,\"name\":\"In\u00edcio\",\"item\":\"https:\/\/www.bluefleet.pt\/fr\/\"},{\"@type\":\"ListItem\",\"position\":2,\"name\":\"Portugal 2020 &#8211; CRESC\",\"item\":\"https:\/\/www.bluefleet.pt\/fr\/portugal-2020\/\"},{\"@type\":\"ListItem\",\"position\":3,\"name\":\"BLUEFLEET \u2013 Adaptar PME\"}]},{\"@type\":\"WebSite\",\"@id\":\"https:\/\/www.bluefleet.pt\/#website\",\"url\":\"https:\/\/www.bluefleet.pt\/\",\"name\":\"BlueFleet\",\"description\":\"Passeios de barco em Lagos\",\"publisher\":{\"@id\":\"https:\/\/www.bluefleet.pt\/#organization\"},\"potentialAction\":[{\"@type\":\"SearchAction\",\"target\":{\"@type\":\"EntryPoint\",\"urlTemplate\":\"https:\/\/www.bluefleet.pt\/?s={search_term_string}\"},\"query-input\":{\"@type\":\"PropertyValueSpecification\",\"valueRequired\":true,\"valueName\":\"search_term_string\"}}],\"inLanguage\":\"fr-FR\"},{\"@type\":\"Organization\",\"@id\":\"https:\/\/www.bluefleet.pt\/#organization\",\"name\":\"Bluefleet - Passeios de barco em Lagos\",\"alternateName\":\"Bluefleet\",\"url\":\"https:\/\/www.bluefleet.pt\/\",\"logo\":{\"@type\":\"ImageObject\",\"inLanguage\":\"fr-FR\",\"@id\":\"https:\/\/www.bluefleet.pt\/#\/schema\/logo\/image\/\",\"url\":\"https:\/\/www.bluefleet.pt\/wp-content\/uploads\/2025\/12\/BlueFleet-Logo.png\",\"contentUrl\":\"https:\/\/www.bluefleet.pt\/wp-content\/uploads\/2025\/12\/BlueFleet-Logo.png\",\"width\":366,\"height\":230,\"caption\":\"Bluefleet - Passeios de barco em Lagos\"},\"image\":{\"@id\":\"https:\/\/www.bluefleet.pt\/#\/schema\/logo\/image\/\"},\"sameAs\":[\"https:\/\/www.facebook.com\/bluefleetlagos\/\",\"https:\/\/www.instagram.com\/bluefleet.pt\/\",\"https:\/\/www.youtube.com\/channel\/UCqOM2m1S-mVfX1n9pDRVfzw\"],\"description\":\"A BlueFleet \u00e9 uma empresa portuguesa sediada em Lagos, Algarve, especializada em passeios de barco, desportos n\u00e1uticos e atividades mar\u00edtimo-tur\u00edsticas com mais de 12 anos de experi\u00eancia. Oferece experi\u00eancias inesquec\u00edveis como os tradicionais passeios \u00e0s Grutas da Ponta da Piedade, observa\u00e7\u00e3o de golfinhos e outros cet\u00e1ceos com bi\u00f3logos marinhos, passeios de caiaque, cruzeiros costeiros e tours privados (Blue Cruise, Blue Sunset Cruise, Blue Breeze). A BlueFleet opera com uma frota de 12 embarca\u00e7\u00f5es e conta com uma equipa de 18 profissionais dedicados (incluindo skippers locais e bi\u00f3logos), priorizando grupos pequenos para um servi\u00e7o personalizado, seguro e confort\u00e1vel. \u00c9 certificada pelo Turismo de Portugal com o selo Clean & Safe\",\"email\":\"info@bluefleet.pt\",\"telephone\":\"00351911963309\",\"legalName\":\"Bluefleet\",\"numberOfEmployees\":{\"@type\":\"QuantitativeValue\",\"minValue\":\"11\",\"maxValue\":\"50\"}}]}<\/script>\n<!-- \/ Yoast SEO Premium plugin. -->","yoast_head_json":{"title":"Adapter la Comp\u00e9titivit\u00e9 des PME | BlueFleet","description":"Toutes les informations sur le programme Portugal 2020 que BlueFleet a demand\u00e9 pour adapter la comp\u00e9titivit\u00e9 des PME. En savoir plus ici.","robots":{"index":"index","follow":"follow","max-snippet":"max-snippet:-1","max-image-preview":"max-image-preview:large","max-video-preview":"max-video-preview:-1"},"canonical":"https:\/\/www.bluefleet.pt\/fr\/portugal-2020\/bluefleet-adaptar-pme\/","og_locale":"fr_FR","og_type":"article","og_title":"BLUEFLEET \u2013 Adaptar PME","og_description":"Toutes les informations sur le programme Portugal 2020 que BlueFleet a demand\u00e9 pour adapter la comp\u00e9titivit\u00e9 des PME. En savoir plus ici.","og_url":"https:\/\/www.bluefleet.pt\/fr\/portugal-2020\/bluefleet-adaptar-pme\/","og_site_name":"BlueFleet","article_publisher":"https:\/\/www.facebook.com\/bluefleetlagos\/","article_modified_time":"2024-09-23T19:00:18+00:00","twitter_card":"summary_large_image","twitter_misc":{"Dur\u00e9e de lecture estim\u00e9e":"3 minutes"},"schema":{"@context":"https:\/\/schema.org","@graph":[{"@type":"WebPage","@id":"https:\/\/www.bluefleet.pt\/fr\/portugal-2020\/bluefleet-adaptar-pme\/","url":"https:\/\/www.bluefleet.pt\/fr\/portugal-2020\/bluefleet-adaptar-pme\/","name":"Adapter la Comp\u00e9titivit\u00e9 des PME | BlueFleet","isPartOf":{"@id":"https:\/\/www.bluefleet.pt\/#website"},"datePublished":"2023-12-12T19:27:01+00:00","dateModified":"2024-09-23T19:00:18+00:00","description":"Toutes les informations sur le programme Portugal 2020 que BlueFleet a demand\u00e9 pour adapter la comp\u00e9titivit\u00e9 des PME. En savoir plus ici.","breadcrumb":{"@id":"https:\/\/www.bluefleet.pt\/fr\/portugal-2020\/bluefleet-adaptar-pme\/#breadcrumb"},"inLanguage":"fr-FR","potentialAction":[{"@type":"ReadAction","target":["https:\/\/www.bluefleet.pt\/fr\/portugal-2020\/bluefleet-adaptar-pme\/"]}]},{"@type":"BreadcrumbList","@id":"https:\/\/www.bluefleet.pt\/fr\/portugal-2020\/bluefleet-adaptar-pme\/#breadcrumb","itemListElement":[{"@type":"ListItem","position":1,"name":"In\u00edcio","item":"https:\/\/www.bluefleet.pt\/fr\/"},{"@type":"ListItem","position":2,"name":"Portugal 2020 &#8211; CRESC","item":"https:\/\/www.bluefleet.pt\/fr\/portugal-2020\/"},{"@type":"ListItem","position":3,"name":"BLUEFLEET \u2013 Adaptar PME"}]},{"@type":"WebSite","@id":"https:\/\/www.bluefleet.pt\/#website","url":"https:\/\/www.bluefleet.pt\/","name":"BlueFleet","description":"Passeios de barco em Lagos","publisher":{"@id":"https:\/\/www.bluefleet.pt\/#organization"},"potentialAction":[{"@type":"SearchAction","target":{"@type":"EntryPoint","urlTemplate":"https:\/\/www.bluefleet.pt\/?s={search_term_string}"},"query-input":{"@type":"PropertyValueSpecification","valueRequired":true,"valueName":"search_term_string"}}],"inLanguage":"fr-FR"},{"@type":"Organization","@id":"https:\/\/www.bluefleet.pt\/#organization","name":"Bluefleet - Passeios de barco em Lagos","alternateName":"Bluefleet","url":"https:\/\/www.bluefleet.pt\/","logo":{"@type":"ImageObject","inLanguage":"fr-FR","@id":"https:\/\/www.bluefleet.pt\/#\/schema\/logo\/image\/","url":"https:\/\/www.bluefleet.pt\/wp-content\/uploads\/2025\/12\/BlueFleet-Logo.png","contentUrl":"https:\/\/www.bluefleet.pt\/wp-content\/uploads\/2025\/12\/BlueFleet-Logo.png","width":366,"height":230,"caption":"Bluefleet - Passeios de barco em Lagos"},"image":{"@id":"https:\/\/www.bluefleet.pt\/#\/schema\/logo\/image\/"},"sameAs":["https:\/\/www.facebook.com\/bluefleetlagos\/","https:\/\/www.instagram.com\/bluefleet.pt\/","https:\/\/www.youtube.com\/channel\/UCqOM2m1S-mVfX1n9pDRVfzw"],"description":"A BlueFleet \u00e9 uma empresa portuguesa sediada em Lagos, Algarve, especializada em passeios de barco, desportos n\u00e1uticos e atividades mar\u00edtimo-tur\u00edsticas com mais de 12 anos de experi\u00eancia. Oferece experi\u00eancias inesquec\u00edveis como os tradicionais passeios \u00e0s Grutas da Ponta da Piedade, observa\u00e7\u00e3o de golfinhos e outros cet\u00e1ceos com bi\u00f3logos marinhos, passeios de caiaque, cruzeiros costeiros e tours privados (Blue Cruise, Blue Sunset Cruise, Blue Breeze). A BlueFleet opera com uma frota de 12 embarca\u00e7\u00f5es e conta com uma equipa de 18 profissionais dedicados (incluindo skippers locais e bi\u00f3logos), priorizando grupos pequenos para um servi\u00e7o personalizado, seguro e confort\u00e1vel. \u00c9 certificada pelo Turismo de Portugal com o selo Clean & Safe","email":"info@bluefleet.pt","telephone":"00351911963309","legalName":"Bluefleet","numberOfEmployees":{"@type":"QuantitativeValue","minValue":"11","maxValue":"50"}}]}},"_links":{"self":[{"href":"https:\/\/www.bluefleet.pt\/fr\/wp-json\/wp\/v2\/pages\/7027","targetHints":{"allow":["GET"]}}],"collection":[{"href":"https:\/\/www.bluefleet.pt\/fr\/wp-json\/wp\/v2\/pages"}],"about":[{"href":"https:\/\/www.bluefleet.pt\/fr\/wp-json\/wp\/v2\/types\/page"}],"author":[{"embeddable":true,"href":"https:\/\/www.bluefleet.pt\/fr\/wp-json\/wp\/v2\/users\/6"}],"replies":[{"embeddable":true,"href":"https:\/\/www.bluefleet.pt\/fr\/wp-json\/wp\/v2\/comments?post=7027"}],"version-history":[{"count":2,"href":"https:\/\/www.bluefleet.pt\/fr\/wp-json\/wp\/v2\/pages\/7027\/revisions"}],"predecessor-version":[{"id":7491,"href":"https:\/\/www.bluefleet.pt\/fr\/wp-json\/wp\/v2\/pages\/7027\/revisions\/7491"}],"up":[{"embeddable":true,"href":"https:\/\/www.bluefleet.pt\/fr\/wp-json\/wp\/v2\/pages\/5169"}],"wp:attachment":[{"href":"https:\/\/www.bluefleet.pt\/fr\/wp-json\/wp\/v2\/media?parent=7027"}],"curies":[{"name":"wp","href":"https:\/\/api.w.org\/{rel}","templated":true}]}}